{"id":99,"date":"2018-02-07T13:33:46","date_gmt":"2018-02-07T13:33:46","guid":{"rendered":"http:\/\/autoogre.grandem.lv\/?page_id=99"},"modified":"2018-02-08T13:05:47","modified_gmt":"2018-02-08T13:05:47","slug":"leasing","status":"publish","type":"page","link":"https:\/\/autoogre.lv\/en\/leasing\/","title":{"rendered":"Leasing"},"content":{"rendered":"<p>Izv\u0113lies k\u0101du no l\u012bzinga komp\u0101nij\u0101m, lai uzzin\u0101tu par iesp\u0113j\u0101m.<\/p>\n","protected":false},"excerpt":{"rendered":"<p>Izv\u0113lies k\u0101du no l\u012bzinga komp\u0101nij\u0101m, lai uzzin\u0101tu par iesp\u0113j\u0101m.<\/p>\n","protected":false},"author":1,"featured_media":0,"parent":0,"menu_order":0,"comment_status":"closed","ping_status":"closed","template":"page-leasing.php","meta":{"_acf_changed":false,"footnotes":""},"class_list":["post-99","page","type-page","status-publish","hentry"],"acf":[],"_links":{"self":[{"href":"https:\/\/autoogre.lv\/en\/wp-json\/wp\/v2\/pages\/99","targetHints":{"allow":["GET"]}}],"collection":[{"href":"https:\/\/autoogre.lv\/en\/wp-json\/wp\/v2\/pages"}],"about":[{"href":"https:\/\/autoogre.lv\/en\/wp-json\/wp\/v2\/types\/page"}],"author":[{"embeddable":true,"href":"https:\/\/autoogre.lv\/en\/wp-json\/wp\/v2\/users\/1"}],"replies":[{"embeddable":true,"href":"https:\/\/autoogre.lv\/en\/wp-json\/wp\/v2\/comments?post=99"}],"version-history":[{"count":5,"href":"https:\/\/autoogre.lv\/en\/wp-json\/wp\/v2\/pages\/99\/revisions"}],"predecessor-version":[{"id":257,"href":"https:\/\/autoogre.lv\/en\/wp-json\/wp\/v2\/pages\/99\/revisions\/257"}],"wp:attachment":[{"href":"https:\/\/autoogre.lv\/en\/wp-json\/wp\/v2\/media?parent=99"}],"curies":[{"name":"wp","href":"https:\/\/api.w.org\/{rel}","templated":true}]}}